{"id":4540,"date":"2023-03-02T20:24:39","date_gmt":"2023-03-02T23:24:39","guid":{"rendered":"https:\/\/adsandre.com\/?page_id=4540"},"modified":"2025-08-11T12:05:18","modified_gmt":"2025-08-11T15:05:18","slug":"politica-de-privacidade","status":"publish","type":"page","link":"https:\/\/adsandre.com\/index.php\/politica-de-privacidade\/","title":{"rendered":"politica de privacidade"},"content":{"rendered":"\t\t<div data-elementor-type=\"wp-page\" data-elementor-id=\"4540\" class=\"elementor elementor-4540\" data-elementor-post-type=\"page\">\n\t\t\t\t\t\t<section class=\"elementor-section elementor-top-section elementor-element elementor-element-dc164f7 elementor-section-boxed elementor-section-height-default elementor-section-height-default\" data-id=\"dc164f7\" data-element_type=\"section\" data-e-type=\"section\" data-settings=\"{&quot;background_background&quot;:&quot;classic&quot;}\">\n\t\t\t\t\t\t<div class=\"elementor-container elementor-column-gap-default\">\n\t\t\t\t\t<div class=\"elementor-column elementor-col-100 elementor-top-column elementor-element elementor-element-9634512\" data-id=\"9634512\" data-element_type=\"column\" data-e-type=\"column\">\n\t\t\t<div class=\"elementor-widget-wrap elementor-element-populated\">\n\t\t\t\t\t\t<div class=\"elementor-element elementor-element-e96428e elementor-hidden-tablet elementor-hidden-mobile elementor-widget elementor-widget-heading\" data-id=\"e96428e\" data-element_type=\"widget\" data-e-type=\"widget\" data-widget_type=\"heading.default\">\n\t\t\t\t<div class=\"elementor-widget-container\">\n\t\t\t\t\t<h2 class=\"elementor-heading-title elementor-size-default\"><b>Oi! Nada aqui ainda, mas logo est\u00e1 p\u00e1gina estar\u00e1 pronta!<\/b><\/h2>\t\t\t\t<\/div>\n\t\t\t\t<\/div>\n\t\t<div class=\"elementor-element elementor-element-fb85ae0 e-flex e-con-boxed e-con e-parent\" data-id=\"fb85ae0\" data-element_type=\"container\" data-e-type=\"container\">\n\t\t\t\t\t<div class=\"e-con-inner\">\n\t\t\t\t<div class=\"elementor-element elementor-element-d97c017 elementor-widget elementor-widget-text-editor\" data-id=\"d97c017\" data-element_type=\"widget\" data-e-type=\"widget\" data-widget_type=\"text-editor.default\">\n\t\t\t\t<div class=\"elementor-widget-container\">\n\t\t\t\t\t\t\t\t\t<h2 data-start=\"139\" data-end=\"180\"><strong data-start=\"142\" data-end=\"180\">Pol\u00edtica de Privacidade \u2013 AdsAndr\u00e9<\/strong><\/h2><p data-start=\"182\" data-end=\"378\">A sua privacidade \u00e9 importante para n\u00f3s. Esta Pol\u00edtica de Privacidade descreve como coletamos, usamos e protegemos as informa\u00e7\u00f5es fornecidas por voc\u00ea ao acessar e utilizar o site <strong data-start=\"361\" data-end=\"377\">adsandre.com<\/strong>.<\/p><h3 data-start=\"380\" data-end=\"412\"><strong data-start=\"384\" data-end=\"412\">1. Coleta de Informa\u00e7\u00f5es<\/strong><\/h3><p data-start=\"413\" data-end=\"758\">Podemos coletar informa\u00e7\u00f5es pessoais fornecidas voluntariamente, como nome, e-mail, telefone e dados de contato, quando voc\u00ea preenche formul\u00e1rios em nosso site ou entra em contato conosco.<br data-start=\"601\" data-end=\"604\">\nTamb\u00e9m podemos coletar informa\u00e7\u00f5es automaticamente por meio de cookies e tecnologias semelhantes, como endere\u00e7o IP, tipo de navegador e p\u00e1ginas visitadas.<\/p><h3 data-start=\"760\" data-end=\"790\"><strong data-start=\"764\" data-end=\"790\">2. Uso das Informa\u00e7\u00f5es<\/strong><\/h3><p data-start=\"791\" data-end=\"846\">As informa\u00e7\u00f5es coletadas poder\u00e3o ser utilizadas para:<\/p><ul data-start=\"847\" data-end=\"1110\">\n<li data-start=\"847\" data-end=\"904\">\n<p data-start=\"849\" data-end=\"904\">Responder solicita\u00e7\u00f5es de contato e fornecer suporte;<\/p>\n<\/li>\n<li data-start=\"905\" data-end=\"960\">\n<p data-start=\"907\" data-end=\"960\">Enviar comunica\u00e7\u00f5es relacionadas a nossos servi\u00e7os;<\/p>\n<\/li>\n<li data-start=\"961\" data-end=\"1007\">\n<p data-start=\"963\" data-end=\"1007\">Melhorar a experi\u00eancia do usu\u00e1rio no site;<\/p>\n<\/li>\n<li data-start=\"1008\" data-end=\"1065\">\n<p data-start=\"1010\" data-end=\"1065\">Analisar m\u00e9tricas de tr\u00e1fego e comportamento no site;<\/p>\n<\/li>\n<li data-start=\"1066\" data-end=\"1110\">\n<p data-start=\"1068\" data-end=\"1110\">Cumprir obriga\u00e7\u00f5es legais ou regulat\u00f3rias.<\/p>\n<\/li>\n<\/ul><h3 data-start=\"1112\" data-end=\"1154\"><strong data-start=\"1116\" data-end=\"1154\">3. Compartilhamento de Informa\u00e7\u00f5es<\/strong><\/h3><p data-start=\"1155\" data-end=\"1269\">N\u00e3o vendemos, alugamos ou compartilhamos suas informa\u00e7\u00f5es pessoais com terceiros, exceto quando necess\u00e1rio para:<\/p><ul data-start=\"1270\" data-end=\"1419\">\n<li data-start=\"1270\" data-end=\"1300\">\n<p data-start=\"1272\" data-end=\"1300\">Cumprir exig\u00eancias legais;<\/p>\n<\/li>\n<li data-start=\"1301\" data-end=\"1342\">\n<p data-start=\"1303\" data-end=\"1342\">Proteger nossos direitos e seguran\u00e7a;<\/p>\n<\/li>\n<li data-start=\"1343\" data-end=\"1419\">\n<p data-start=\"1345\" data-end=\"1419\">Prestar servi\u00e7os por meio de parceiros confi\u00e1veis que atuam em nosso nome.<\/p>\n<\/li>\n<\/ul><h3 data-start=\"1421\" data-end=\"1439\"><strong data-start=\"1425\" data-end=\"1439\">4. Cookies<\/strong><\/h3><p data-start=\"1440\" data-end=\"1684\">Utilizamos cookies para melhorar sua experi\u00eancia de navega\u00e7\u00e3o, armazenar prefer\u00eancias e entender como voc\u00ea interage com nosso site. Voc\u00ea pode desativar os cookies nas configura\u00e7\u00f5es do seu navegador, mas isso pode afetar algumas funcionalidades.<\/p><h3 data-start=\"1686\" data-end=\"1706\"><strong data-start=\"1690\" data-end=\"1706\">5. Seguran\u00e7a<\/strong><\/h3><p data-start=\"1707\" data-end=\"1841\">Adotamos medidas t\u00e9cnicas e administrativas para proteger suas informa\u00e7\u00f5es contra acessos n\u00e3o autorizados, uso indevido ou divulga\u00e7\u00e3o.<\/p><h3 data-start=\"1843\" data-end=\"1868\"><strong data-start=\"1847\" data-end=\"1868\">6. Links Externos<\/strong><\/h3><p data-start=\"1869\" data-end=\"2007\">Nosso site pode conter links para outros sites. N\u00e3o nos responsabilizamos pelas pr\u00e1ticas de privacidade ou conte\u00fado de sites de terceiros.<\/p><h3 data-start=\"2009\" data-end=\"2045\"><strong data-start=\"2013\" data-end=\"2045\">7. Altera\u00e7\u00f5es nesta Pol\u00edtica<\/strong><\/h3><p data-start=\"2046\" data-end=\"2170\">Podemos atualizar esta Pol\u00edtica de Privacidade periodicamente. A vers\u00e3o mais recente estar\u00e1 sempre dispon\u00edvel em nosso site.<\/p><h3 data-start=\"2172\" data-end=\"2190\"><strong data-start=\"2176\" data-end=\"2190\">8. Contato<\/strong><\/h3><p>\n\n\n\n\n\n\n\n\n\n\n\n\n\n\n\n\n\n\n<\/p><p data-start=\"2191\" data-end=\"2333\">Se tiver d\u00favidas sobre esta Pol\u00edtica de Privacidade ou sobre como tratamos seus dados, entre em contato conosco:<br data-start=\"2303\" data-end=\"2306\"><strong data-start=\"2309\" data-end=\"2333\"><a data-start=\"2311\" data-end=\"2331\" rel=\"noopener\">contato@adsandre.com<\/a><\/strong><\/p>\t\t\t\t\t\t\t\t<\/div>\n\t\t\t\t<\/div>\n\t\t\t\t\t<\/div>\n\t\t\t\t<\/div>\n\t\t\t\t\t<\/div>\n\t\t<\/div>\n\t\t\t\t\t<\/div>\n\t\t<\/section>\n\t\t\t\t<section class=\"elementor-section elementor-top-section elementor-element elementor-element-80015a8 elementor-section-boxed elementor-section-height-default elementor-section-height-default\" data-id=\"80015a8\" data-element_type=\"section\" data-e-type=\"section\">\n\t\t\t\t\t\t<div class=\"elementor-container elementor-column-gap-default\">\n\t\t\t\t\t<div class=\"elementor-column elementor-col-100 elementor-top-column elementor-element elementor-element-d2aa23b\" data-id=\"d2aa23b\" data-element_type=\"column\" data-e-type=\"column\">\n\t\t\t<div class=\"elementor-widget-wrap\">\n\t\t\t\t\t\t\t<\/div>\n\t\t<\/div>\n\t\t\t\t\t<\/div>\n\t\t<\/section>\n\t\t\t\t<section class=\"elementor-section elementor-top-section elementor-element elementor-element-8e12c92 elementor-section-boxed elementor-section-height-default elementor-section-height-default\" data-id=\"8e12c92\" data-element_type=\"section\" data-e-type=\"section\">\n\t\t\t\t\t\t<div class=\"elementor-container elementor-column-gap-default\">\n\t\t\t\t\t<div class=\"elementor-column elementor-col-50 elementor-top-column elementor-element elementor-element-3b353f5\" data-id=\"3b353f5\" data-element_type=\"column\" data-e-type=\"column\">\n\t\t\t<div class=\"elementor-widget-wrap\">\n\t\t\t\t\t\t\t<\/div>\n\t\t<\/div>\n\t\t\t\t<div class=\"elementor-column elementor-col-50 elementor-top-column elementor-element elementor-element-67bdfad\" data-id=\"67bdfad\" data-element_type=\"column\" data-e-type=\"column\">\n\t\t\t<div class=\"elementor-widget-wrap\">\n\t\t\t\t\t\t\t<\/div>\n\t\t<\/div>\n\t\t\t\t\t<\/div>\n\t\t<\/section>\n\t\t\t\t<\/div>\n\t\t","protected":false},"excerpt":{"rendered":"<p>Oi! Nada aqui ainda, mas logo est\u00e1 p\u00e1gina estar\u00e1 pronta! Pol\u00edtica de Privacidade \u2013 AdsAndr\u00e9 A sua privacidade \u00e9 importante para n\u00f3s. Esta Pol\u00edtica de Privacidade descreve como coletamos, usamos e protegemos as informa\u00e7\u00f5es fornecidas por voc\u00ea ao acessar e utilizar o site adsandre.com. 1. Coleta de Informa\u00e7\u00f5es Podemos coletar informa\u00e7\u00f5es pessoais fornecidas voluntariamente, como&hellip; <a class=\"more-link\" href=\"https:\/\/adsandre.com\/index.php\/politica-de-privacidade\/\">Continuar lendo <span class=\"screen-reader-text\">politica de privacidade<\/span><\/a><\/p>\n","protected":false},"author":1,"featured_media":0,"parent":0,"menu_order":0,"comment_status":"closed","ping_status":"closed","template":"","meta":{"footnotes":""},"class_list":["post-4540","page","type-page","status-publish","hentry","entry"],"_links":{"self":[{"href":"https:\/\/adsandre.com\/index.php\/wp-json\/wp\/v2\/pages\/4540","targetHints":{"allow":["GET"]}}],"collection":[{"href":"https:\/\/adsandre.com\/index.php\/wp-json\/wp\/v2\/pages"}],"about":[{"href":"https:\/\/adsandre.com\/index.php\/wp-json\/wp\/v2\/types\/page"}],"author":[{"embeddable":true,"href":"https:\/\/adsandre.com\/index.php\/wp-json\/wp\/v2\/users\/1"}],"replies":[{"embeddable":true,"href":"https:\/\/adsandre.com\/index.php\/wp-json\/wp\/v2\/comments?post=4540"}],"version-history":[{"count":7,"href":"https:\/\/adsandre.com\/index.php\/wp-json\/wp\/v2\/pages\/4540\/revisions"}],"predecessor-version":[{"id":6386,"href":"https:\/\/adsandre.com\/index.php\/wp-json\/wp\/v2\/pages\/4540\/revisions\/6386"}],"wp:attachment":[{"href":"https:\/\/adsandre.com\/index.php\/wp-json\/wp\/v2\/media?parent=4540"}],"curies":[{"name":"wp","href":"https:\/\/api.w.org\/{rel}","templated":true}]}}